{"id":334,"date":"2024-03-23T17:34:36","date_gmt":"2024-03-23T20:34:36","guid":{"rendered":"https:\/\/vutie.com.br\/atacado\/produto\/terno-masculino-inovatore-marinho-jordhan\/"},"modified":"2026-03-07T07:08:46","modified_gmt":"2026-03-07T10:08:46","slug":"terno-masculino-inovatore-marinho-vutie","status":"publish","type":"product","link":"https:\/\/jordhan.com.br\/atacado\/produto\/terno-masculino-inovatore-marinho-vutie\/","title":{"rendered":"Terno Masculino Inovatore Marinho Vutie"},"content":{"rendered":"<p>Aten\u00e7\u00e3o homens de neg\u00f3cios! Esta \u00e9 a sua chance de causar uma impress\u00e3o duradoura vestindo nosso exclusivo Terno Corporativo de Prest\u00edgio Vutie.<\/p>\n<p>A modelagem impec\u00e1vel e o corte ajustado desse terno cair\u00e3o perfeitamente no seu corpo, evidenciando seu porte e sucesso profissional. O tecido flex\u00edvel e macio proporciona conforto o dia todo, enquanto a cor marinho s\u00f3bria e elegante transmite credibilidade e seriedade.<\/p>\n<p>Voc\u00ea sabe que no ambiente empresarial, a primeira impress\u00e3o \u00e9 essencial para fechar grandes neg\u00f3cios e alavancar sua carreira. Uma roupa que n\u00e3o valorize suas caracter\u00edsticas pode arruinar tudo antes mesmo da conversa come\u00e7ar!<\/p>\n<p>Por isso, n\u00e3o deixe seu futuro profissional nas m\u00e3os de um terno comum. Invista agora no Terno Corporativo de Prest\u00edgio Vutie e colha os frutos de causar uma imagem de autoridade e compet\u00eancia desde o primeiro encontro.<\/p>\n<p>O estoque \u00e9 ultra limitado e essa oportunidade \u00fanica n\u00e3o vai durar muito. Adquira j\u00e1 o seu Terno de Prest\u00edgio Vutie e prepare-se para deslumbrar e conquistar respeito por onde passar. Sua carreira agradecer\u00e1.<\/p>\n<p>Ficha T\u00e9cnica:<\/p>\n<p>Tecido: 100% poli\u00e9ster tropical, proporcionando flexibilidade e durabilidade.<\/p>\n<p>Modelagem: Corte ajustado ao corpo que valoriza a silhueta. Ombreiras estruturadas e aumentadas.<\/p>\n<p>Palet\u00f3: 2 bot\u00f5es frontais, bolsos inferiores chapados e bolsos falsos superiores decorativos. Forro em poli\u00e9ster acetinado.<\/p>\n<p>Cal\u00e7a: C\u00f3s entretelado com 4 passadores, braguilha fechada por z\u00edper e bot\u00e3o, 2 bolsos frontais e 2 bolsos traseiros. Forro em poli\u00e9ster.<\/p>\n<p>Costuras: Utilizamos a Linha Mista de Algod\u00e3o, uma Linhas premium de qualidade da Linhanyl para maior resist\u00eancia e acabamento refinado.<\/p>\n<p>Instru\u00e7\u00f5es de cuidado: lavar somente a seco. Passar a ferro em temperatura m\u00e9dia. N\u00e3o usar alvejantes.<\/p>\n<p>Tamanho e medidas: Dispon\u00edvel nos tamanhos 42 ao 60.\u00a0 Medidas dispon\u00edveis nas informa\u00e7\u00f5es adicionais do produto.<\/p>\n<p>Originado e fabricado no Brasil.<\/p>\n<p>Garantia de 6 meses contra defeitos de fabrica\u00e7\u00e3o.<\/p>\n","protected":false},"excerpt":{"rendered":"<p>Aten\u00e7\u00e3o homens de neg\u00f3cios! Esta \u00e9 a sua chance de causar uma impress\u00e3o duradoura vestindo nosso exclusivo Terno Corporativo de Prest\u00edgio Vutie .<\/p>\n<p>A modelagem impec\u00e1vel e o corte ajustado desse terno cair\u00e3o perfeitamente no seu corpo, evidenciando seu porte e sucesso profissional. O tecido flex\u00edvel e macio proporciona conforto o dia todo, enquanto a cor marinho s\u00f3bria e elegante transmite credibilidade e seriedade.<\/p>\n<p>Voc\u00ea sabe que no ambiente empresarial, a primeira impress\u00e3o \u00e9 essencial para fechar grandes neg\u00f3cios e alavancar sua carreira. Uma roupa que n\u00e3o valorize suas caracter\u00edsticas pode arruinar tudo antes mesmo da conversa come\u00e7ar!<\/p>\n<p>Por isso, n\u00e3o deixe seu futuro profissional nas m\u00e3os de um terno comum. Invista agora no Terno Corporativo de Prest\u00edgio Vutie e colha os frutos de causar uma imagem de autoridade e compet\u00eancia desde o primeiro encontro.<\/p>\n<p>O estoque \u00e9 ultra limitado e essa oportunidade \u00fanica n\u00e3o vai durar muito. Adquira j\u00e1 o seu Terno de Prest\u00edgio Vutie e prepare-se para deslumbrar e conquistar respeito por onde passar. Sua carreira agradecer\u00e1.<\/p>\n<p>Ficha T\u00e9cnica:<\/p>\n<p>Tecido: 100% poli\u00e9ster tropical, proporcionando flexibilidade e durabilidade.<\/p>\n<p>Modelagem: Corte ajustado ao corpo que valoriza a silhueta. Ombreiras estruturadas e aumentadas.<\/p>\n<p>Palet\u00f3: 2 bot\u00f5es frontais, bolsos inferiores chapados e bolsos falsos superiores decorativos. Forro em poli\u00e9ster acetinado.<\/p>\n<p>Cal\u00e7a: C\u00f3s entretelado com 4 passadores, braguilha fechada por z\u00edper e bot\u00e3o, 2 bolsos frontais e 2 bolsos traseiros. Forro em poli\u00e9ster.<\/p>\n<p>Costuras: Utilizamos a Linha Mista de Algod\u00e3o, uma Linhas premium de qualidade da Linhanyl para maior resist\u00eancia e acabamento refinado.<\/p>\n<p>Instru\u00e7\u00f5es de cuidado: lavar somente a seco. Passar a ferro em temperatura m\u00e9dia. N\u00e3o usar alvejantes.<\/p>\n<p>Tamanho e medidas: Dispon\u00edvel nos tamanhos 42 ao 60.\u00a0 Medidas dispon\u00edveis nas informa\u00e7\u00f5es adicionais do produto.<\/p>\n<p>Originado e fabricado no Brasil.<\/p>\n<p>Garantia de 6 meses contra defeitos de fabrica\u00e7\u00e3o.<\/p>\n","protected":false},"featured_media":0,"comment_status":"open","ping_status":"closed","template":"","meta":[],"product_brand":[],"product_cat":[24],"product_tag":[],"class_list":{"0":"post-334","1":"product","2":"type-product","3":"status-publish","5":"product_cat-terno-oxford","7":"first","8":"instock","9":"sale","10":"taxable","11":"shipping-taxable","12":"purchasable","13":"product-type-variable"},"yoast_head":"<!-- This site is optimized with the Yoast SEO Premium plugin v23.4 (Yoast SEO v23.4) - https:\/\/yoast.com\/wordpress\/plugins\/seo\/ -->\n<title>Terno Masculino Inovatore Marinho Vutie - Atacado Vutie<\/title>\n<meta name=\"robots\" content=\"index, follow, max-snippet:-1, max-image-preview:large, max-video-preview:-1\" \/>\n<link rel=\"canonical\" href=\"https:\/\/jordhan.com.br\/atacado\/produto\/terno-masculino-inovatore-marinho-vutie\/\" \/>\n<meta property=\"og:locale\" content=\"pt_BR\" \/>\n<meta property=\"og:type\" content=\"article\" \/>\n<meta property=\"og:title\" content=\"Terno Masculino Inovatore Marinho Vutie\" \/>\n<meta property=\"og:description\" content=\"Aten\u00e7\u00e3o homens de neg\u00f3cios! Esta \u00e9 a sua chance de causar uma impress\u00e3o duradoura vestindo nosso exclusivo Terno Corporativo de Prest\u00edgio Vutie .  A modelagem impec\u00e1vel e o corte ajustado desse terno cair\u00e3o perfeitamente no seu corpo, evidenciando seu porte e sucesso profissional. O tecido flex\u00edvel e macio proporciona conforto o dia todo, enquanto a cor marinho s\u00f3bria e elegante transmite credibilidade e seriedade.  Voc\u00ea sabe que no ambiente empresarial, a primeira impress\u00e3o \u00e9 essencial para fechar grandes neg\u00f3cios e alavancar sua carreira. Uma roupa que n\u00e3o valorize suas caracter\u00edsticas pode arruinar tudo antes mesmo da conversa come\u00e7ar!  Por isso, n\u00e3o deixe seu futuro profissional nas m\u00e3os de um terno comum. Invista agora no Terno Corporativo de Prest\u00edgio Vutie e colha os frutos de causar uma imagem de autoridade e compet\u00eancia desde o primeiro encontro.  O estoque \u00e9 ultra limitado e essa oportunidade \u00fanica n\u00e3o vai durar muito. Adquira j\u00e1 o seu Terno de Prest\u00edgio Vutie e prepare-se para deslumbrar e conquistar respeito por onde passar. Sua carreira agradecer\u00e1.  Ficha T\u00e9cnica:  Tecido: 100% poli\u00e9ster tropical, proporcionando flexibilidade e durabilidade.  Modelagem: Corte ajustado ao corpo que valoriza a silhueta. Ombreiras estruturadas e aumentadas.  Palet\u00f3: 2 bot\u00f5es frontais, bolsos inferiores chapados e bolsos falsos superiores decorativos. Forro em poli\u00e9ster acetinado.  Cal\u00e7a: C\u00f3s entretelado com 4 passadores, braguilha fechada por z\u00edper e bot\u00e3o, 2 bolsos frontais e 2 bolsos traseiros. Forro em poli\u00e9ster.  Costuras: Utilizamos a Linha Mista de Algod\u00e3o, uma Linhas premium de qualidade da Linhanyl para maior resist\u00eancia e acabamento refinado.  Instru\u00e7\u00f5es de cuidado: lavar somente a seco. Passar a ferro em temperatura m\u00e9dia. N\u00e3o usar alvejantes.  Tamanho e medidas: Dispon\u00edvel nos tamanhos 42 ao 60.\u00a0 Medidas dispon\u00edveis nas informa\u00e7\u00f5es adicionais do produto.  Originado e fabricado no Brasil.  Garantia de 6 meses contra defeitos de fabrica\u00e7\u00e3o.\" \/>\n<meta property=\"og:url\" content=\"https:\/\/jordhan.com.br\/atacado\/produto\/terno-masculino-inovatore-marinho-vutie\/\" \/>\n<meta property=\"og:site_name\" content=\"Atacado Vutie\" \/>\n<meta property=\"article:modified_time\" content=\"2026-03-07T10:08:46+00:00\" \/>\n<meta property=\"og:image\" content=\"https:\/\/jordhan.com.br\/atacado\/wp-content\/uploads\/2024\/03\/kCS6jnl-3.png\" \/>\n\t<meta property=\"og:image:width\" content=\"960\" \/>\n\t<meta property=\"og:image:height\" content=\"1440\" \/>\n\t<meta property=\"og:image:type\" content=\"image\/png\" \/>\n<meta name=\"twitter:card\" content=\"summary_large_image\" \/>\n<meta name=\"twitter:label1\" content=\"Est. tempo de leitura\" \/>\n\t<meta name=\"twitter:data1\" content=\"2 minutos\" \/>\n<script type=\"application\/ld+json\" class=\"yoast-schema-graph\">{\"@context\":\"https:\/\/schema.org\",\"@graph\":[{\"@type\":\"WebPage\",\"@id\":\"https:\/\/jordhan.com.br\/atacado\/produto\/terno-masculino-inovatore-marinho-vutie\/\",\"url\":\"https:\/\/jordhan.com.br\/atacado\/produto\/terno-masculino-inovatore-marinho-vutie\/\",\"name\":\"Terno Masculino Inovatore Marinho Vutie - Atacado Vutie\",\"isPartOf\":{\"@id\":\"https:\/\/jordhan.com.br\/atacado\/#website\"},\"datePublished\":\"2024-03-23T20:34:36+00:00\",\"dateModified\":\"2026-03-07T10:08:46+00:00\",\"breadcrumb\":{\"@id\":\"https:\/\/jordhan.com.br\/atacado\/produto\/terno-masculino-inovatore-marinho-vutie\/#breadcrumb\"},\"inLanguage\":\"pt-BR\",\"potentialAction\":[{\"@type\":\"ReadAction\",\"target\":[\"https:\/\/jordhan.com.br\/atacado\/produto\/terno-masculino-inovatore-marinho-vutie\/\"]}]},{\"@type\":\"BreadcrumbList\",\"@id\":\"https:\/\/jordhan.com.br\/atacado\/produto\/terno-masculino-inovatore-marinho-vutie\/#breadcrumb\",\"itemListElement\":[{\"@type\":\"ListItem\",\"position\":1,\"name\":\"In\u00edcio\",\"item\":\"https:\/\/jordhan.com.br\/atacado\/\"},{\"@type\":\"ListItem\",\"position\":2,\"name\":\"Loja\",\"item\":\"https:\/\/jordhan.com.br\/atacado\/loja\/\"},{\"@type\":\"ListItem\",\"position\":3,\"name\":\"Terno Masculino Inovatore Marinho Vutie\"}]},{\"@type\":\"WebSite\",\"@id\":\"https:\/\/jordhan.com.br\/atacado\/#website\",\"url\":\"https:\/\/jordhan.com.br\/atacado\/\",\"name\":\"Atacado Vutie\",\"description\":\"Moda social masculina. Mais que roupas, atitude.\",\"publisher\":{\"@id\":\"https:\/\/jordhan.com.br\/atacado\/#organization\"},\"potentialAction\":[{\"@type\":\"SearchAction\",\"target\":{\"@type\":\"EntryPoint\",\"urlTemplate\":\"https:\/\/jordhan.com.br\/atacado\/?s={search_term_string}\"},\"query-input\":{\"@type\":\"PropertyValueSpecification\",\"valueRequired\":true,\"valueName\":\"search_term_string\"}}],\"inLanguage\":\"pt-BR\"},{\"@type\":\"Organization\",\"@id\":\"https:\/\/jordhan.com.br\/atacado\/#organization\",\"name\":\"Atacado Vutie\",\"url\":\"https:\/\/jordhan.com.br\/atacado\/\",\"logo\":{\"@type\":\"ImageObject\",\"inLanguage\":\"pt-BR\",\"@id\":\"https:\/\/jordhan.com.br\/atacado\/#\/schema\/logo\/image\/\",\"url\":\"https:\/\/jordhan.com.br\/atacado\/wp-content\/uploads\/2024\/03\/cropped-Jordhan_logo_preto.webp\",\"contentUrl\":\"https:\/\/jordhan.com.br\/atacado\/wp-content\/uploads\/2024\/03\/cropped-Jordhan_logo_preto.webp\",\"width\":766,\"height\":266,\"caption\":\"Atacado Vutie\"},\"image\":{\"@id\":\"https:\/\/jordhan.com.br\/atacado\/#\/schema\/logo\/image\/\"}}]}<\/script>\n<!-- \/ Yoast SEO Premium plugin. -->","yoast_head_json":{"title":"Terno Masculino Inovatore Marinho Vutie - Atacado Vutie","robots":{"index":"index","follow":"follow","max-snippet":"max-snippet:-1","max-image-preview":"max-image-preview:large","max-video-preview":"max-video-preview:-1"},"canonical":"https:\/\/jordhan.com.br\/atacado\/produto\/terno-masculino-inovatore-marinho-vutie\/","og_locale":"pt_BR","og_type":"article","og_title":"Terno Masculino Inovatore Marinho Vutie","og_description":"Aten\u00e7\u00e3o homens de neg\u00f3cios! Esta \u00e9 a sua chance de causar uma impress\u00e3o duradoura vestindo nosso exclusivo Terno Corporativo de Prest\u00edgio Vutie .  A modelagem impec\u00e1vel e o corte ajustado desse terno cair\u00e3o perfeitamente no seu corpo, evidenciando seu porte e sucesso profissional. O tecido flex\u00edvel e macio proporciona conforto o dia todo, enquanto a cor marinho s\u00f3bria e elegante transmite credibilidade e seriedade.  Voc\u00ea sabe que no ambiente empresarial, a primeira impress\u00e3o \u00e9 essencial para fechar grandes neg\u00f3cios e alavancar sua carreira. Uma roupa que n\u00e3o valorize suas caracter\u00edsticas pode arruinar tudo antes mesmo da conversa come\u00e7ar!  Por isso, n\u00e3o deixe seu futuro profissional nas m\u00e3os de um terno comum. Invista agora no Terno Corporativo de Prest\u00edgio Vutie e colha os frutos de causar uma imagem de autoridade e compet\u00eancia desde o primeiro encontro.  O estoque \u00e9 ultra limitado e essa oportunidade \u00fanica n\u00e3o vai durar muito. Adquira j\u00e1 o seu Terno de Prest\u00edgio Vutie e prepare-se para deslumbrar e conquistar respeito por onde passar. Sua carreira agradecer\u00e1.  Ficha T\u00e9cnica:  Tecido: 100% poli\u00e9ster tropical, proporcionando flexibilidade e durabilidade.  Modelagem: Corte ajustado ao corpo que valoriza a silhueta. Ombreiras estruturadas e aumentadas.  Palet\u00f3: 2 bot\u00f5es frontais, bolsos inferiores chapados e bolsos falsos superiores decorativos. Forro em poli\u00e9ster acetinado.  Cal\u00e7a: C\u00f3s entretelado com 4 passadores, braguilha fechada por z\u00edper e bot\u00e3o, 2 bolsos frontais e 2 bolsos traseiros. Forro em poli\u00e9ster.  Costuras: Utilizamos a Linha Mista de Algod\u00e3o, uma Linhas premium de qualidade da Linhanyl para maior resist\u00eancia e acabamento refinado.  Instru\u00e7\u00f5es de cuidado: lavar somente a seco. Passar a ferro em temperatura m\u00e9dia. N\u00e3o usar alvejantes.  Tamanho e medidas: Dispon\u00edvel nos tamanhos 42 ao 60.\u00a0 Medidas dispon\u00edveis nas informa\u00e7\u00f5es adicionais do produto.  Originado e fabricado no Brasil.  Garantia de 6 meses contra defeitos de fabrica\u00e7\u00e3o.","og_url":"https:\/\/jordhan.com.br\/atacado\/produto\/terno-masculino-inovatore-marinho-vutie\/","og_site_name":"Atacado Vutie","article_modified_time":"2026-03-07T10:08:46+00:00","og_image":[{"width":960,"height":1440,"url":"https:\/\/jordhan.com.br\/atacado\/wp-content\/uploads\/2024\/03\/kCS6jnl-3.png","type":"image\/png"}],"twitter_card":"summary_large_image","twitter_misc":{"Est. tempo de leitura":"2 minutos"},"schema":{"@context":"https:\/\/schema.org","@graph":[{"@type":"WebPage","@id":"https:\/\/jordhan.com.br\/atacado\/produto\/terno-masculino-inovatore-marinho-vutie\/","url":"https:\/\/jordhan.com.br\/atacado\/produto\/terno-masculino-inovatore-marinho-vutie\/","name":"Terno Masculino Inovatore Marinho Vutie - Atacado Vutie","isPartOf":{"@id":"https:\/\/jordhan.com.br\/atacado\/#website"},"datePublished":"2024-03-23T20:34:36+00:00","dateModified":"2026-03-07T10:08:46+00:00","breadcrumb":{"@id":"https:\/\/jordhan.com.br\/atacado\/produto\/terno-masculino-inovatore-marinho-vutie\/#breadcrumb"},"inLanguage":"pt-BR","potentialAction":[{"@type":"ReadAction","target":["https:\/\/jordhan.com.br\/atacado\/produto\/terno-masculino-inovatore-marinho-vutie\/"]}]},{"@type":"BreadcrumbList","@id":"https:\/\/jordhan.com.br\/atacado\/produto\/terno-masculino-inovatore-marinho-vutie\/#breadcrumb","itemListElement":[{"@type":"ListItem","position":1,"name":"In\u00edcio","item":"https:\/\/jordhan.com.br\/atacado\/"},{"@type":"ListItem","position":2,"name":"Loja","item":"https:\/\/jordhan.com.br\/atacado\/loja\/"},{"@type":"ListItem","position":3,"name":"Terno Masculino Inovatore Marinho Vutie"}]},{"@type":"WebSite","@id":"https:\/\/jordhan.com.br\/atacado\/#website","url":"https:\/\/jordhan.com.br\/atacado\/","name":"Atacado Vutie","description":"Moda social masculina. Mais que roupas, atitude.","publisher":{"@id":"https:\/\/jordhan.com.br\/atacado\/#organization"},"potentialAction":[{"@type":"SearchAction","target":{"@type":"EntryPoint","urlTemplate":"https:\/\/jordhan.com.br\/atacado\/?s={search_term_string}"},"query-input":{"@type":"PropertyValueSpecification","valueRequired":true,"valueName":"search_term_string"}}],"inLanguage":"pt-BR"},{"@type":"Organization","@id":"https:\/\/jordhan.com.br\/atacado\/#organization","name":"Atacado Vutie","url":"https:\/\/jordhan.com.br\/atacado\/","logo":{"@type":"ImageObject","inLanguage":"pt-BR","@id":"https:\/\/jordhan.com.br\/atacado\/#\/schema\/logo\/image\/","url":"https:\/\/jordhan.com.br\/atacado\/wp-content\/uploads\/2024\/03\/cropped-Jordhan_logo_preto.webp","contentUrl":"https:\/\/jordhan.com.br\/atacado\/wp-content\/uploads\/2024\/03\/cropped-Jordhan_logo_preto.webp","width":766,"height":266,"caption":"Atacado Vutie"},"image":{"@id":"https:\/\/jordhan.com.br\/atacado\/#\/schema\/logo\/image\/"}}]}},"_links":{"self":[{"href":"https:\/\/jordhan.com.br\/atacado\/wp-json\/wp\/v2\/product\/334","targetHints":{"allow":["GET"]}}],"collection":[{"href":"https:\/\/jordhan.com.br\/atacado\/wp-json\/wp\/v2\/product"}],"about":[{"href":"https:\/\/jordhan.com.br\/atacado\/wp-json\/wp\/v2\/types\/product"}],"replies":[{"embeddable":true,"href":"https:\/\/jordhan.com.br\/atacado\/wp-json\/wp\/v2\/comments?post=334"}],"wp:attachment":[{"href":"https:\/\/jordhan.com.br\/atacado\/wp-json\/wp\/v2\/media?parent=334"}],"wp:term":[{"taxonomy":"product_brand","embeddable":true,"href":"https:\/\/jordhan.com.br\/atacado\/wp-json\/wp\/v2\/product_brand?post=334"},{"taxonomy":"product_cat","embeddable":true,"href":"https:\/\/jordhan.com.br\/atacado\/wp-json\/wp\/v2\/product_cat?post=334"},{"taxonomy":"product_tag","embeddable":true,"href":"https:\/\/jordhan.com.br\/atacado\/wp-json\/wp\/v2\/product_tag?post=334"}],"curies":[{"name":"wp","href":"https:\/\/api.w.org\/{rel}","templated":true}]}}